{"id":592,"date":"2021-11-01T15:44:00","date_gmt":"2021-11-01T06:44:00","guid":{"rendered":"https:\/\/familywalkathon.org\/introduction\/"},"modified":"2022-01-25T10:53:01","modified_gmt":"2022-01-25T01:53:01","slug":"introduction","status":"publish","type":"page","link":"https:\/\/familywalkathon.org\/vi\/introduction\/","title":{"rendered":"Gi\u1edbi thi\u1ec7u \u0110\u1ea1i h\u1ed9i \u0111i b\u1ed9 gia \u0111\u00ecnh y\u00eau th\u01b0\u01a1ng s\u1ef1 s\u1ed1ng m\u1edbi"},"content":{"rendered":"","protected":false},"excerpt":{"rendered":"","protected":false},"author":5,"featured_media":1711,"parent":0,"menu_order":0,"comment_status":"closed","ping_status":"closed","template":"","meta":{"footnotes":""},"yoast_head":"<!-- This site is optimized with the Yoast SEO plugin v21.9.1 - https:\/\/yoast.com\/wordpress\/plugins\/seo\/ -->\n<title>Gi\u1edbi thi\u1ec7u \u0110\u1ea1i h\u1ed9i \u0111i b\u1ed9 gia \u0111\u00ecnh y\u00eau th\u01b0\u01a1ng s\u1ef1 s\u1ed1ng m\u1edbi - \u0110\u1ea1i h\u1ed9i \u0111i b\u1ed9 gia \u0111\u00ecnh y\u00eau th\u01b0\u01a1ng s\u1ef1 s\u1ed1ng m\u1edbi<\/title>\n<meta name=\"description\" content=\"\u0110\u1ea1i h\u1ed9i \u0111i b\u1ed9 gia \u0111\u00ecnh y\u00eau th\u01b0\u01a1ng s\u1ef1 s\u1ed1ng m\u1edbi l\u00e0 s\u1ef1 ki\u1ec7n ph\u00fac l\u1ee3i c\u00f9ng nhau \u0111i b\u1ed9, c\u00f9ng tham gia chia s\u1ebb t\u00ecnh y\u00eau th\u01b0\u01a1ng, gi\u00fap \u0111\u1ee1 ng\u01b0\u1eddi th\u1ebf gi\u1edbi b\u1ecb \u0111au \u0111\u1edbn b\u1edfi b\u1ec7nh t\u1eadt, ngh\u00e8o \u0111\u00f3i, thi\u1ebfu n\u01b0\u1edbc, thi\u00ean tai v.v...\" \/>\n<meta name=\"robots\" content=\"index, follow, max-snippet:-1, max-image-preview:large, max-video-preview:-1\" \/>\n<link rel=\"canonical\" href=\"https:\/\/familywalkathon.org\/vi\/introduction\/\" \/>\n<meta property=\"og:locale\" content=\"vi_VN\" \/>\n<meta property=\"og:type\" content=\"article\" \/>\n<meta property=\"og:title\" content=\"Gi\u1edbi thi\u1ec7u \u0110\u1ea1i h\u1ed9i \u0111i b\u1ed9 gia \u0111\u00ecnh y\u00eau th\u01b0\u01a1ng s\u1ef1 s\u1ed1ng m\u1edbi - \u0110\u1ea1i h\u1ed9i \u0111i b\u1ed9 gia \u0111\u00ecnh y\u00eau th\u01b0\u01a1ng s\u1ef1 s\u1ed1ng m\u1edbi\" \/>\n<meta property=\"og:description\" content=\"\u0110\u1ea1i h\u1ed9i \u0111i b\u1ed9 gia \u0111\u00ecnh y\u00eau th\u01b0\u01a1ng s\u1ef1 s\u1ed1ng m\u1edbi l\u00e0 s\u1ef1 ki\u1ec7n ph\u00fac l\u1ee3i c\u00f9ng nhau \u0111i b\u1ed9, c\u00f9ng tham gia chia s\u1ebb t\u00ecnh y\u00eau th\u01b0\u01a1ng, gi\u00fap \u0111\u1ee1 ng\u01b0\u1eddi th\u1ebf gi\u1edbi b\u1ecb \u0111au \u0111\u1edbn b\u1edfi b\u1ec7nh t\u1eadt, ngh\u00e8o \u0111\u00f3i, thi\u1ebfu n\u01b0\u1edbc, thi\u00ean tai v.v...\" \/>\n<meta property=\"og:url\" content=\"https:\/\/familywalkathon.org\/vi\/introduction\/\" \/>\n<meta property=\"og:site_name\" content=\"\u0110\u1ea1i h\u1ed9i \u0111i b\u1ed9 gia \u0111\u00ecnh y\u00eau th\u01b0\u01a1ng s\u1ef1 s\u1ed1ng m\u1edbi\" \/>\n<meta property=\"article:modified_time\" content=\"2022-01-25T01:53:01+00:00\" \/>\n<meta property=\"og:image\" content=\"https:\/\/familywalkathon.org\/wp-content\/uploads\/2022\/02\/introduction_new_life_family_walkathon.jpg\" \/>\n\t<meta property=\"og:image:width\" content=\"1200\" \/>\n\t<meta property=\"og:image:height\" content=\"630\" \/>\n\t<meta property=\"og:image:type\" content=\"image\/jpeg\" \/>\n<meta name=\"twitter:card\" content=\"summary_large_image\" \/>\n<script type=\"application\/ld+json\" class=\"yoast-schema-graph\">{\"@context\":\"https:\/\/schema.org\",\"@graph\":[{\"@type\":\"WebPage\",\"@id\":\"https:\/\/familywalkathon.org\/vi\/introduction\/\",\"url\":\"https:\/\/familywalkathon.org\/vi\/introduction\/\",\"name\":\"Gi\u1edbi thi\u1ec7u \u0110\u1ea1i h\u1ed9i \u0111i b\u1ed9 gia \u0111\u00ecnh y\u00eau th\u01b0\u01a1ng s\u1ef1 s\u1ed1ng m\u1edbi - \u0110\u1ea1i h\u1ed9i \u0111i b\u1ed9 gia \u0111\u00ecnh y\u00eau th\u01b0\u01a1ng s\u1ef1 s\u1ed1ng m\u1edbi\",\"isPartOf\":{\"@id\":\"https:\/\/familywalkathon.org\/#website\"},\"datePublished\":\"2021-11-01T06:44:00+00:00\",\"dateModified\":\"2022-01-25T01:53:01+00:00\",\"description\":\"\u0110\u1ea1i h\u1ed9i \u0111i b\u1ed9 gia \u0111\u00ecnh y\u00eau th\u01b0\u01a1ng s\u1ef1 s\u1ed1ng m\u1edbi l\u00e0 s\u1ef1 ki\u1ec7n ph\u00fac l\u1ee3i c\u00f9ng nhau \u0111i b\u1ed9, c\u00f9ng tham gia chia s\u1ebb t\u00ecnh y\u00eau th\u01b0\u01a1ng, gi\u00fap \u0111\u1ee1 ng\u01b0\u1eddi th\u1ebf gi\u1edbi b\u1ecb \u0111au \u0111\u1edbn b\u1edfi b\u1ec7nh t\u1eadt, ngh\u00e8o \u0111\u00f3i, thi\u1ebfu n\u01b0\u1edbc, thi\u00ean tai v.v...\",\"breadcrumb\":{\"@id\":\"https:\/\/familywalkathon.org\/vi\/introduction\/#breadcrumb\"},\"inLanguage\":\"vi-VN\",\"potentialAction\":[{\"@type\":\"ReadAction\",\"target\":[\"https:\/\/familywalkathon.org\/vi\/introduction\/\"]}]},{\"@type\":\"BreadcrumbList\",\"@id\":\"https:\/\/familywalkathon.org\/vi\/introduction\/#breadcrumb\",\"itemListElement\":[{\"@type\":\"ListItem\",\"position\":1,\"name\":\"Home\",\"item\":\"https:\/\/familywalkathon.org\/vi\/\"},{\"@type\":\"ListItem\",\"position\":2,\"name\":\"Gi\u1edbi thi\u1ec7u \u0110\u1ea1i h\u1ed9i \u0111i b\u1ed9 gia \u0111\u00ecnh y\u00eau th\u01b0\u01a1ng s\u1ef1 s\u1ed1ng m\u1edbi\"}]},{\"@type\":\"WebSite\",\"@id\":\"https:\/\/familywalkathon.org\/#website\",\"url\":\"https:\/\/familywalkathon.org\/\",\"name\":\"\u0110\u1ea1i h\u1ed9i \u0111i b\u1ed9 gia \u0111\u00ecnh y\u00eau th\u01b0\u01a1ng s\u1ef1 s\u1ed1ng m\u1edbi\",\"description\":\"\u0110\u1ea1i h\u1ed9i \u0111i b\u1ed9 gia \u0111\u00ecnh y\u00eau th\u01b0\u01a1ng s\u1ef1 s\u1ed1ng m\u1edbi, Qu\u1ef9 WeLoveU Qu\u1ed1c t\u1ebf\",\"potentialAction\":[{\"@type\":\"SearchAction\",\"target\":{\"@type\":\"EntryPoint\",\"urlTemplate\":\"https:\/\/familywalkathon.org\/?s={search_term_string}\"},\"query-input\":\"required name=search_term_string\"}],\"inLanguage\":\"vi-VN\"}]}<\/script>\n<!-- \/ Yoast SEO plugin. -->","yoast_head_json":{"title":"Gi\u1edbi thi\u1ec7u \u0110\u1ea1i h\u1ed9i \u0111i b\u1ed9 gia \u0111\u00ecnh y\u00eau th\u01b0\u01a1ng s\u1ef1 s\u1ed1ng m\u1edbi - \u0110\u1ea1i h\u1ed9i \u0111i b\u1ed9 gia \u0111\u00ecnh y\u00eau th\u01b0\u01a1ng s\u1ef1 s\u1ed1ng m\u1edbi","description":"\u0110\u1ea1i h\u1ed9i \u0111i b\u1ed9 gia \u0111\u00ecnh y\u00eau th\u01b0\u01a1ng s\u1ef1 s\u1ed1ng m\u1edbi l\u00e0 s\u1ef1 ki\u1ec7n ph\u00fac l\u1ee3i c\u00f9ng nhau \u0111i b\u1ed9, c\u00f9ng tham gia chia s\u1ebb t\u00ecnh y\u00eau th\u01b0\u01a1ng, gi\u00fap \u0111\u1ee1 ng\u01b0\u1eddi th\u1ebf gi\u1edbi b\u1ecb \u0111au \u0111\u1edbn b\u1edfi b\u1ec7nh t\u1eadt, ngh\u00e8o \u0111\u00f3i, thi\u1ebfu n\u01b0\u1edbc, thi\u00ean tai v.v...","robots":{"index":"index","follow":"follow","max-snippet":"max-snippet:-1","max-image-preview":"max-image-preview:large","max-video-preview":"max-video-preview:-1"},"canonical":"https:\/\/familywalkathon.org\/vi\/introduction\/","og_locale":"vi_VN","og_type":"article","og_title":"Gi\u1edbi thi\u1ec7u \u0110\u1ea1i h\u1ed9i \u0111i b\u1ed9 gia \u0111\u00ecnh y\u00eau th\u01b0\u01a1ng s\u1ef1 s\u1ed1ng m\u1edbi - \u0110\u1ea1i h\u1ed9i \u0111i b\u1ed9 gia \u0111\u00ecnh y\u00eau th\u01b0\u01a1ng s\u1ef1 s\u1ed1ng m\u1edbi","og_description":"\u0110\u1ea1i h\u1ed9i \u0111i b\u1ed9 gia \u0111\u00ecnh y\u00eau th\u01b0\u01a1ng s\u1ef1 s\u1ed1ng m\u1edbi l\u00e0 s\u1ef1 ki\u1ec7n ph\u00fac l\u1ee3i c\u00f9ng nhau \u0111i b\u1ed9, c\u00f9ng tham gia chia s\u1ebb t\u00ecnh y\u00eau th\u01b0\u01a1ng, gi\u00fap \u0111\u1ee1 ng\u01b0\u1eddi th\u1ebf gi\u1edbi b\u1ecb \u0111au \u0111\u1edbn b\u1edfi b\u1ec7nh t\u1eadt, ngh\u00e8o \u0111\u00f3i, thi\u1ebfu n\u01b0\u1edbc, thi\u00ean tai v.v...","og_url":"https:\/\/familywalkathon.org\/vi\/introduction\/","og_site_name":"\u0110\u1ea1i h\u1ed9i \u0111i b\u1ed9 gia \u0111\u00ecnh y\u00eau th\u01b0\u01a1ng s\u1ef1 s\u1ed1ng m\u1edbi","article_modified_time":"2022-01-25T01:53:01+00:00","og_image":[{"width":1200,"height":630,"url":"https:\/\/familywalkathon.org\/wp-content\/uploads\/2022\/02\/introduction_new_life_family_walkathon.jpg","type":"image\/jpeg"}],"twitter_card":"summary_large_image","schema":{"@context":"https:\/\/schema.org","@graph":[{"@type":"WebPage","@id":"https:\/\/familywalkathon.org\/vi\/introduction\/","url":"https:\/\/familywalkathon.org\/vi\/introduction\/","name":"Gi\u1edbi thi\u1ec7u \u0110\u1ea1i h\u1ed9i \u0111i b\u1ed9 gia \u0111\u00ecnh y\u00eau th\u01b0\u01a1ng s\u1ef1 s\u1ed1ng m\u1edbi - \u0110\u1ea1i h\u1ed9i \u0111i b\u1ed9 gia \u0111\u00ecnh y\u00eau th\u01b0\u01a1ng s\u1ef1 s\u1ed1ng m\u1edbi","isPartOf":{"@id":"https:\/\/familywalkathon.org\/#website"},"datePublished":"2021-11-01T06:44:00+00:00","dateModified":"2022-01-25T01:53:01+00:00","description":"\u0110\u1ea1i h\u1ed9i \u0111i b\u1ed9 gia \u0111\u00ecnh y\u00eau th\u01b0\u01a1ng s\u1ef1 s\u1ed1ng m\u1edbi l\u00e0 s\u1ef1 ki\u1ec7n ph\u00fac l\u1ee3i c\u00f9ng nhau \u0111i b\u1ed9, c\u00f9ng tham gia chia s\u1ebb t\u00ecnh y\u00eau th\u01b0\u01a1ng, gi\u00fap \u0111\u1ee1 ng\u01b0\u1eddi th\u1ebf gi\u1edbi b\u1ecb \u0111au \u0111\u1edbn b\u1edfi b\u1ec7nh t\u1eadt, ngh\u00e8o \u0111\u00f3i, thi\u1ebfu n\u01b0\u1edbc, thi\u00ean tai v.v...","breadcrumb":{"@id":"https:\/\/familywalkathon.org\/vi\/introduction\/#breadcrumb"},"inLanguage":"vi-VN","potentialAction":[{"@type":"ReadAction","target":["https:\/\/familywalkathon.org\/vi\/introduction\/"]}]},{"@type":"BreadcrumbList","@id":"https:\/\/familywalkathon.org\/vi\/introduction\/#breadcrumb","itemListElement":[{"@type":"ListItem","position":1,"name":"Home","item":"https:\/\/familywalkathon.org\/vi\/"},{"@type":"ListItem","position":2,"name":"Gi\u1edbi thi\u1ec7u \u0110\u1ea1i h\u1ed9i \u0111i b\u1ed9 gia \u0111\u00ecnh y\u00eau th\u01b0\u01a1ng s\u1ef1 s\u1ed1ng m\u1edbi"}]},{"@type":"WebSite","@id":"https:\/\/familywalkathon.org\/#website","url":"https:\/\/familywalkathon.org\/","name":"\u0110\u1ea1i h\u1ed9i \u0111i b\u1ed9 gia \u0111\u00ecnh y\u00eau th\u01b0\u01a1ng s\u1ef1 s\u1ed1ng m\u1edbi","description":"\u0110\u1ea1i h\u1ed9i \u0111i b\u1ed9 gia \u0111\u00ecnh y\u00eau th\u01b0\u01a1ng s\u1ef1 s\u1ed1ng m\u1edbi, Qu\u1ef9 WeLoveU Qu\u1ed1c t\u1ebf","potentialAction":[{"@type":"SearchAction","target":{"@type":"EntryPoint","urlTemplate":"https:\/\/familywalkathon.org\/?s={search_term_string}"},"query-input":"required name=search_term_string"}],"inLanguage":"vi-VN"}]}},"_links":{"self":[{"href":"https:\/\/familywalkathon.org\/vi\/wp-json\/wp\/v2\/pages\/592"}],"collection":[{"href":"https:\/\/familywalkathon.org\/vi\/wp-json\/wp\/v2\/pages"}],"about":[{"href":"https:\/\/familywalkathon.org\/vi\/wp-json\/wp\/v2\/types\/page"}],"author":[{"embeddable":true,"href":"https:\/\/familywalkathon.org\/vi\/wp-json\/wp\/v2\/users\/5"}],"replies":[{"embeddable":true,"href":"https:\/\/familywalkathon.org\/vi\/wp-json\/wp\/v2\/comments?post=592"}],"version-history":[{"count":3,"href":"https:\/\/familywalkathon.org\/vi\/wp-json\/wp\/v2\/pages\/592\/revisions"}],"predecessor-version":[{"id":1603,"href":"https:\/\/familywalkathon.org\/vi\/wp-json\/wp\/v2\/pages\/592\/revisions\/1603"}],"wp:featuredmedia":[{"embeddable":true,"href":"https:\/\/familywalkathon.org\/vi\/wp-json\/wp\/v2\/media\/1711"}],"wp:attachment":[{"href":"https:\/\/familywalkathon.org\/vi\/wp-json\/wp\/v2\/media?parent=592"}],"curies":[{"name":"wp","href":"https:\/\/api.w.org\/{rel}","templated":true}]}}