{"id":590,"date":"2021-09-13T16:34:29","date_gmt":"2021-09-13T07:34:29","guid":{"rendered":"https:\/\/familywalkathon.org\/home\/"},"modified":"2022-02-15T14:41:51","modified_gmt":"2022-02-15T05:41:51","slug":"home","status":"publish","type":"page","link":"https:\/\/familywalkathon.org\/vi\/","title":{"rendered":"\u0110\u1ea1i h\u1ed9i \u0111i b\u1ed9 gia \u0111\u00ecnh y\u00eau th\u01b0\u01a1ng s\u1ef1 s\u1ed1ng m\u1edbi &#8211; Qu\u1ef9 WeLoveU Qu\u1ed1c t\u1ebf"},"content":{"rendered":"","protected":false},"excerpt":{"rendered":"","protected":false},"author":5,"featured_media":1701,"parent":0,"menu_order":0,"comment_status":"closed","ping_status":"closed","template":"","meta":{"footnotes":""},"yoast_head":"<!-- This site is optimized with the Yoast SEO plugin v21.9.1 - https:\/\/yoast.com\/wordpress\/plugins\/seo\/ -->\n<title>\u0110\u1ea1i h\u1ed9i \u0111i b\u1ed9 gia \u0111\u00ecnh y\u00eau th\u01b0\u01a1ng s\u1ef1 s\u1ed1ng m\u1edbi - Qu\u1ef9 WeLoveU Qu\u1ed1c t\u1ebf<\/title>\n<meta name=\"description\" content=\"\u0110\u1ea1i h\u1ed9i \u0111i b\u1ed9 gia \u0111\u00ecnh y\u00eau th\u01b0\u01a1ng s\u1ef1 s\u1ed1ng m\u1edbi l\u00e0 s\u1ef1 ki\u1ec7n ph\u00fac l\u1ee3i gi\u00fap \u0111\u1ee1 h\u00e0ng x\u00f3m kh\u00f3 kh\u0103n c\u1ee7a ng\u00f4i l\u00e0ng to\u00e0n c\u1ea7u. Ch\u00fang t\u00f4i t\u1ea1o d\u1ef1ng th\u1ebf gi\u1edbi kh\u00f4ng ai b\u1ecb c\u00f4 \u0111\u01a1n b\u1eb1ng t\u1ea5m l\u00f2ng t\u00ecnh y\u00eau th\u01b0\u01a1ng c\u1ee7a m\u1eb9.\" \/>\n<meta name=\"robots\" content=\"index, follow, max-snippet:-1, max-image-preview:large, max-video-preview:-1\" \/>\n<link rel=\"canonical\" href=\"https:\/\/familywalkathon.org\/vi\/\" \/>\n<meta property=\"og:locale\" content=\"vi_VN\" \/>\n<meta property=\"og:type\" content=\"article\" \/>\n<meta property=\"og:title\" content=\"\u0110\u1ea1i h\u1ed9i \u0111i b\u1ed9 gia \u0111\u00ecnh y\u00eau th\u01b0\u01a1ng s\u1ef1 s\u1ed1ng m\u1edbi - Qu\u1ef9 WeLoveU Qu\u1ed1c t\u1ebf\" \/>\n<meta property=\"og:description\" content=\"\u0110\u1ea1i h\u1ed9i \u0111i b\u1ed9 gia \u0111\u00ecnh y\u00eau th\u01b0\u01a1ng s\u1ef1 s\u1ed1ng m\u1edbi l\u00e0 s\u1ef1 ki\u1ec7n ph\u00fac l\u1ee3i gi\u00fap \u0111\u1ee1 h\u00e0ng x\u00f3m kh\u00f3 kh\u0103n c\u1ee7a ng\u00f4i l\u00e0ng to\u00e0n c\u1ea7u. Ch\u00fang t\u00f4i t\u1ea1o d\u1ef1ng th\u1ebf gi\u1edbi kh\u00f4ng ai b\u1ecb c\u00f4 \u0111\u01a1n b\u1eb1ng t\u1ea5m l\u00f2ng t\u00ecnh y\u00eau th\u01b0\u01a1ng c\u1ee7a m\u1eb9.\" \/>\n<meta property=\"og:url\" content=\"https:\/\/familywalkathon.org\/vi\/\" \/>\n<meta property=\"og:site_name\" content=\"\u0110\u1ea1i h\u1ed9i \u0111i b\u1ed9 gia \u0111\u00ecnh y\u00eau th\u01b0\u01a1ng s\u1ef1 s\u1ed1ng m\u1edbi\" \/>\n<meta property=\"article:modified_time\" content=\"2022-02-15T05:41:51+00:00\" \/>\n<meta property=\"og:image\" content=\"https:\/\/familywalkathon.org\/wp-content\/uploads\/2022\/02\/weloveu_new_life_family_walkathon.jpg\" \/>\n\t<meta property=\"og:image:width\" content=\"1200\" \/>\n\t<meta property=\"og:image:height\" content=\"630\" \/>\n\t<meta property=\"og:image:type\" content=\"image\/jpeg\" \/>\n<meta name=\"twitter:card\" content=\"summary_large_image\" \/>\n<script type=\"application\/ld+json\" class=\"yoast-schema-graph\">{\"@context\":\"https:\/\/schema.org\",\"@graph\":[{\"@type\":\"WebPage\",\"@id\":\"https:\/\/familywalkathon.org\/vi\/\",\"url\":\"https:\/\/familywalkathon.org\/vi\/\",\"name\":\"\u0110\u1ea1i h\u1ed9i \u0111i b\u1ed9 gia \u0111\u00ecnh y\u00eau th\u01b0\u01a1ng s\u1ef1 s\u1ed1ng m\u1edbi - Qu\u1ef9 WeLoveU Qu\u1ed1c t\u1ebf\",\"isPartOf\":{\"@id\":\"https:\/\/familywalkathon.org\/#website\"},\"datePublished\":\"2021-09-13T07:34:29+00:00\",\"dateModified\":\"2022-02-15T05:41:51+00:00\",\"description\":\"\u0110\u1ea1i h\u1ed9i \u0111i b\u1ed9 gia \u0111\u00ecnh y\u00eau th\u01b0\u01a1ng s\u1ef1 s\u1ed1ng m\u1edbi l\u00e0 s\u1ef1 ki\u1ec7n ph\u00fac l\u1ee3i gi\u00fap \u0111\u1ee1 h\u00e0ng x\u00f3m kh\u00f3 kh\u0103n c\u1ee7a ng\u00f4i l\u00e0ng to\u00e0n c\u1ea7u. Ch\u00fang t\u00f4i t\u1ea1o d\u1ef1ng th\u1ebf gi\u1edbi kh\u00f4ng ai b\u1ecb c\u00f4 \u0111\u01a1n b\u1eb1ng t\u1ea5m l\u00f2ng t\u00ecnh y\u00eau th\u01b0\u01a1ng c\u1ee7a m\u1eb9.\",\"breadcrumb\":{\"@id\":\"https:\/\/familywalkathon.org\/vi\/#breadcrumb\"},\"inLanguage\":\"vi-VN\",\"potentialAction\":[{\"@type\":\"ReadAction\",\"target\":[\"https:\/\/familywalkathon.org\/vi\/\"]}]},{\"@type\":\"BreadcrumbList\",\"@id\":\"https:\/\/familywalkathon.org\/vi\/#breadcrumb\",\"itemListElement\":[{\"@type\":\"ListItem\",\"position\":1,\"name\":\"Home\",\"item\":\"https:\/\/familywalkathon.org\/vi\/\"},{\"@type\":\"ListItem\",\"position\":2,\"name\":\"\u0110\u1ea1i h\u1ed9i \u0111i b\u1ed9 gia \u0111\u00ecnh y\u00eau th\u01b0\u01a1ng s\u1ef1 s\u1ed1ng m\u1edbi &#8211; Qu\u1ef9 WeLoveU Qu\u1ed1c t\u1ebf\"}]},{\"@type\":\"WebSite\",\"@id\":\"https:\/\/familywalkathon.org\/#website\",\"url\":\"https:\/\/familywalkathon.org\/\",\"name\":\"\u0110\u1ea1i h\u1ed9i \u0111i b\u1ed9 gia \u0111\u00ecnh y\u00eau th\u01b0\u01a1ng s\u1ef1 s\u1ed1ng m\u1edbi\",\"description\":\"\u0110\u1ea1i h\u1ed9i \u0111i b\u1ed9 gia \u0111\u00ecnh y\u00eau th\u01b0\u01a1ng s\u1ef1 s\u1ed1ng m\u1edbi, Qu\u1ef9 WeLoveU Qu\u1ed1c t\u1ebf\",\"potentialAction\":[{\"@type\":\"SearchAction\",\"target\":{\"@type\":\"EntryPoint\",\"urlTemplate\":\"https:\/\/familywalkathon.org\/?s={search_term_string}\"},\"query-input\":\"required name=search_term_string\"}],\"inLanguage\":\"vi-VN\"}]}<\/script>\n<!-- \/ Yoast SEO plugin. -->","yoast_head_json":{"title":"\u0110\u1ea1i h\u1ed9i \u0111i b\u1ed9 gia \u0111\u00ecnh y\u00eau th\u01b0\u01a1ng s\u1ef1 s\u1ed1ng m\u1edbi - Qu\u1ef9 WeLoveU Qu\u1ed1c t\u1ebf","description":"\u0110\u1ea1i h\u1ed9i \u0111i b\u1ed9 gia \u0111\u00ecnh y\u00eau th\u01b0\u01a1ng s\u1ef1 s\u1ed1ng m\u1edbi l\u00e0 s\u1ef1 ki\u1ec7n ph\u00fac l\u1ee3i gi\u00fap \u0111\u1ee1 h\u00e0ng x\u00f3m kh\u00f3 kh\u0103n c\u1ee7a ng\u00f4i l\u00e0ng to\u00e0n c\u1ea7u. Ch\u00fang t\u00f4i t\u1ea1o d\u1ef1ng th\u1ebf gi\u1edbi kh\u00f4ng ai b\u1ecb c\u00f4 \u0111\u01a1n b\u1eb1ng t\u1ea5m l\u00f2ng t\u00ecnh y\u00eau th\u01b0\u01a1ng c\u1ee7a m\u1eb9.","robots":{"index":"index","follow":"follow","max-snippet":"max-snippet:-1","max-image-preview":"max-image-preview:large","max-video-preview":"max-video-preview:-1"},"canonical":"https:\/\/familywalkathon.org\/vi\/","og_locale":"vi_VN","og_type":"article","og_title":"\u0110\u1ea1i h\u1ed9i \u0111i b\u1ed9 gia \u0111\u00ecnh y\u00eau th\u01b0\u01a1ng s\u1ef1 s\u1ed1ng m\u1edbi - Qu\u1ef9 WeLoveU Qu\u1ed1c t\u1ebf","og_description":"\u0110\u1ea1i h\u1ed9i \u0111i b\u1ed9 gia \u0111\u00ecnh y\u00eau th\u01b0\u01a1ng s\u1ef1 s\u1ed1ng m\u1edbi l\u00e0 s\u1ef1 ki\u1ec7n ph\u00fac l\u1ee3i gi\u00fap \u0111\u1ee1 h\u00e0ng x\u00f3m kh\u00f3 kh\u0103n c\u1ee7a ng\u00f4i l\u00e0ng to\u00e0n c\u1ea7u. Ch\u00fang t\u00f4i t\u1ea1o d\u1ef1ng th\u1ebf gi\u1edbi kh\u00f4ng ai b\u1ecb c\u00f4 \u0111\u01a1n b\u1eb1ng t\u1ea5m l\u00f2ng t\u00ecnh y\u00eau th\u01b0\u01a1ng c\u1ee7a m\u1eb9.","og_url":"https:\/\/familywalkathon.org\/vi\/","og_site_name":"\u0110\u1ea1i h\u1ed9i \u0111i b\u1ed9 gia \u0111\u00ecnh y\u00eau th\u01b0\u01a1ng s\u1ef1 s\u1ed1ng m\u1edbi","article_modified_time":"2022-02-15T05:41:51+00:00","og_image":[{"width":1200,"height":630,"url":"https:\/\/familywalkathon.org\/wp-content\/uploads\/2022\/02\/weloveu_new_life_family_walkathon.jpg","type":"image\/jpeg"}],"twitter_card":"summary_large_image","schema":{"@context":"https:\/\/schema.org","@graph":[{"@type":"WebPage","@id":"https:\/\/familywalkathon.org\/vi\/","url":"https:\/\/familywalkathon.org\/vi\/","name":"\u0110\u1ea1i h\u1ed9i \u0111i b\u1ed9 gia \u0111\u00ecnh y\u00eau th\u01b0\u01a1ng s\u1ef1 s\u1ed1ng m\u1edbi - Qu\u1ef9 WeLoveU Qu\u1ed1c t\u1ebf","isPartOf":{"@id":"https:\/\/familywalkathon.org\/#website"},"datePublished":"2021-09-13T07:34:29+00:00","dateModified":"2022-02-15T05:41:51+00:00","description":"\u0110\u1ea1i h\u1ed9i \u0111i b\u1ed9 gia \u0111\u00ecnh y\u00eau th\u01b0\u01a1ng s\u1ef1 s\u1ed1ng m\u1edbi l\u00e0 s\u1ef1 ki\u1ec7n ph\u00fac l\u1ee3i gi\u00fap \u0111\u1ee1 h\u00e0ng x\u00f3m kh\u00f3 kh\u0103n c\u1ee7a ng\u00f4i l\u00e0ng to\u00e0n c\u1ea7u. Ch\u00fang t\u00f4i t\u1ea1o d\u1ef1ng th\u1ebf gi\u1edbi kh\u00f4ng ai b\u1ecb c\u00f4 \u0111\u01a1n b\u1eb1ng t\u1ea5m l\u00f2ng t\u00ecnh y\u00eau th\u01b0\u01a1ng c\u1ee7a m\u1eb9.","breadcrumb":{"@id":"https:\/\/familywalkathon.org\/vi\/#breadcrumb"},"inLanguage":"vi-VN","potentialAction":[{"@type":"ReadAction","target":["https:\/\/familywalkathon.org\/vi\/"]}]},{"@type":"BreadcrumbList","@id":"https:\/\/familywalkathon.org\/vi\/#breadcrumb","itemListElement":[{"@type":"ListItem","position":1,"name":"Home","item":"https:\/\/familywalkathon.org\/vi\/"},{"@type":"ListItem","position":2,"name":"\u0110\u1ea1i h\u1ed9i \u0111i b\u1ed9 gia \u0111\u00ecnh y\u00eau th\u01b0\u01a1ng s\u1ef1 s\u1ed1ng m\u1edbi &#8211; Qu\u1ef9 WeLoveU Qu\u1ed1c t\u1ebf"}]},{"@type":"WebSite","@id":"https:\/\/familywalkathon.org\/#website","url":"https:\/\/familywalkathon.org\/","name":"\u0110\u1ea1i h\u1ed9i \u0111i b\u1ed9 gia \u0111\u00ecnh y\u00eau th\u01b0\u01a1ng s\u1ef1 s\u1ed1ng m\u1edbi","description":"\u0110\u1ea1i h\u1ed9i \u0111i b\u1ed9 gia \u0111\u00ecnh y\u00eau th\u01b0\u01a1ng s\u1ef1 s\u1ed1ng m\u1edbi, Qu\u1ef9 WeLoveU Qu\u1ed1c t\u1ebf","potentialAction":[{"@type":"SearchAction","target":{"@type":"EntryPoint","urlTemplate":"https:\/\/familywalkathon.org\/?s={search_term_string}"},"query-input":"required name=search_term_string"}],"inLanguage":"vi-VN"}]}},"_links":{"self":[{"href":"https:\/\/familywalkathon.org\/vi\/wp-json\/wp\/v2\/pages\/590"}],"collection":[{"href":"https:\/\/familywalkathon.org\/vi\/wp-json\/wp\/v2\/pages"}],"about":[{"href":"https:\/\/familywalkathon.org\/vi\/wp-json\/wp\/v2\/types\/page"}],"author":[{"embeddable":true,"href":"https:\/\/familywalkathon.org\/vi\/wp-json\/wp\/v2\/users\/5"}],"replies":[{"embeddable":true,"href":"https:\/\/familywalkathon.org\/vi\/wp-json\/wp\/v2\/comments?post=590"}],"version-history":[{"count":1,"href":"https:\/\/familywalkathon.org\/vi\/wp-json\/wp\/v2\/pages\/590\/revisions"}],"predecessor-version":[{"id":1545,"href":"https:\/\/familywalkathon.org\/vi\/wp-json\/wp\/v2\/pages\/590\/revisions\/1545"}],"wp:featuredmedia":[{"embeddable":true,"href":"https:\/\/familywalkathon.org\/vi\/wp-json\/wp\/v2\/media\/1701"}],"wp:attachment":[{"href":"https:\/\/familywalkathon.org\/vi\/wp-json\/wp\/v2\/media?parent=590"}],"curies":[{"name":"wp","href":"https:\/\/api.w.org\/{rel}","templated":true}]}}