{"id":589,"date":"2021-11-01T15:43:36","date_gmt":"2021-11-01T06:43:36","guid":{"rendered":"https:\/\/familywalkathon.org\/greetings\/"},"modified":"2024-07-04T11:24:47","modified_gmt":"2024-07-04T02:24:47","slug":"greetings","status":"publish","type":"page","link":"https:\/\/familywalkathon.org\/vi\/greetings\/","title":{"rendered":"Gi\u1edbi thi\u1ec7u Ch\u1ee7 t\u1ecbch danh d\u1ef1 Zahng Gil Jah"},"content":{"rendered":"","protected":false},"excerpt":{"rendered":"","protected":false},"author":5,"featured_media":1707,"parent":0,"menu_order":0,"comment_status":"closed","ping_status":"closed","template":"","meta":{"footnotes":""},"yoast_head":"<!-- This site is optimized with the Yoast SEO plugin v21.9.1 - https:\/\/yoast.com\/wordpress\/plugins\/seo\/ -->\n<title>Gi\u1edbi thi\u1ec7u Ch\u1ee7 t\u1ecbch danh d\u1ef1 Zahng Gil Jah - \u0110\u1ea1i h\u1ed9i \u0111i b\u1ed9 gia \u0111\u00ecnh y\u00eau th\u01b0\u01a1ng s\u1ef1 s\u1ed1ng m\u1edbi<\/title>\n<meta name=\"description\" content=\"\u0110\u1ea1i h\u1ed9i \u0111i b\u1ed9 gia \u0111\u00ecnh y\u00eau th\u01b0\u01a1ng s\u1ef1 s\u1ed1ng m\u1edbi \u0111\u01b0\u1ee3c b\u1eaft \u0111\u1ea7u \u0111\u1ec3 trao t\u1eb7ng hy v\u1ecdng v\u00e0 h\u1ea1nh ph\u00fac cho c\u1ea3 th\u1ebf gian, th\u1ea5m tho\u1eaft \u0111\u00e3 tr\u1ea3i qua 20 n\u0103m. H\u00e3y gi\u00fap \u0111\u1ee1 v\u00e0 y\u00eau th\u01b0\u01a1ng l\u1eabn nhau, v\u00e0 c\u00f9ng nhau ti\u1ebfn b\u01b0\u1edbc v\u00ec h\u00f2a b\u00ecnh c\u1ee7a gia \u0111\u00ecnh to\u00e0n c\u1ea7u v\u00e0 h\u1ea1nh ph\u00fac c\u1ee7a nh\u00e2n lo\u1ea1i.\" \/>\n<meta name=\"robots\" content=\"index, follow, max-snippet:-1, max-image-preview:large, max-video-preview:-1\" \/>\n<link rel=\"canonical\" href=\"https:\/\/familywalkathon.org\/vi\/greetings\/\" \/>\n<meta property=\"og:locale\" content=\"vi_VN\" \/>\n<meta property=\"og:type\" content=\"article\" \/>\n<meta property=\"og:title\" content=\"Gi\u1edbi thi\u1ec7u Ch\u1ee7 t\u1ecbch danh d\u1ef1 Zahng Gil Jah - \u0110\u1ea1i h\u1ed9i \u0111i b\u1ed9 gia \u0111\u00ecnh y\u00eau th\u01b0\u01a1ng s\u1ef1 s\u1ed1ng m\u1edbi\" \/>\n<meta property=\"og:description\" content=\"\u0110\u1ea1i h\u1ed9i \u0111i b\u1ed9 gia \u0111\u00ecnh y\u00eau th\u01b0\u01a1ng s\u1ef1 s\u1ed1ng m\u1edbi \u0111\u01b0\u1ee3c b\u1eaft \u0111\u1ea7u \u0111\u1ec3 trao t\u1eb7ng hy v\u1ecdng v\u00e0 h\u1ea1nh ph\u00fac cho c\u1ea3 th\u1ebf gian, th\u1ea5m tho\u1eaft \u0111\u00e3 tr\u1ea3i qua 20 n\u0103m. H\u00e3y gi\u00fap \u0111\u1ee1 v\u00e0 y\u00eau th\u01b0\u01a1ng l\u1eabn nhau, v\u00e0 c\u00f9ng nhau ti\u1ebfn b\u01b0\u1edbc v\u00ec h\u00f2a b\u00ecnh c\u1ee7a gia \u0111\u00ecnh to\u00e0n c\u1ea7u v\u00e0 h\u1ea1nh ph\u00fac c\u1ee7a nh\u00e2n lo\u1ea1i.\" \/>\n<meta property=\"og:url\" content=\"https:\/\/familywalkathon.org\/vi\/greetings\/\" \/>\n<meta property=\"og:site_name\" content=\"\u0110\u1ea1i h\u1ed9i \u0111i b\u1ed9 gia \u0111\u00ecnh y\u00eau th\u01b0\u01a1ng s\u1ef1 s\u1ed1ng m\u1edbi\" \/>\n<meta property=\"article:modified_time\" content=\"2024-07-04T02:24:47+00:00\" \/>\n<meta property=\"og:image\" content=\"https:\/\/familywalkathon.org\/wp-content\/uploads\/2022\/02\/greetings_new_life_family_walkathon.jpg\" \/>\n\t<meta property=\"og:image:width\" content=\"1200\" \/>\n\t<meta property=\"og:image:height\" content=\"630\" \/>\n\t<meta property=\"og:image:type\" content=\"image\/jpeg\" \/>\n<meta name=\"twitter:card\" content=\"summary_large_image\" \/>\n<script type=\"application\/ld+json\" class=\"yoast-schema-graph\">{\"@context\":\"https:\/\/schema.org\",\"@graph\":[{\"@type\":\"WebPage\",\"@id\":\"https:\/\/familywalkathon.org\/vi\/greetings\/\",\"url\":\"https:\/\/familywalkathon.org\/vi\/greetings\/\",\"name\":\"Gi\u1edbi thi\u1ec7u Ch\u1ee7 t\u1ecbch danh d\u1ef1 Zahng Gil Jah - \u0110\u1ea1i h\u1ed9i \u0111i b\u1ed9 gia \u0111\u00ecnh y\u00eau th\u01b0\u01a1ng s\u1ef1 s\u1ed1ng m\u1edbi\",\"isPartOf\":{\"@id\":\"https:\/\/familywalkathon.org\/#website\"},\"datePublished\":\"2021-11-01T06:43:36+00:00\",\"dateModified\":\"2024-07-04T02:24:47+00:00\",\"description\":\"\u0110\u1ea1i h\u1ed9i \u0111i b\u1ed9 gia \u0111\u00ecnh y\u00eau th\u01b0\u01a1ng s\u1ef1 s\u1ed1ng m\u1edbi \u0111\u01b0\u1ee3c b\u1eaft \u0111\u1ea7u \u0111\u1ec3 trao t\u1eb7ng hy v\u1ecdng v\u00e0 h\u1ea1nh ph\u00fac cho c\u1ea3 th\u1ebf gian, th\u1ea5m tho\u1eaft \u0111\u00e3 tr\u1ea3i qua 20 n\u0103m. H\u00e3y gi\u00fap \u0111\u1ee1 v\u00e0 y\u00eau th\u01b0\u01a1ng l\u1eabn nhau, v\u00e0 c\u00f9ng nhau ti\u1ebfn b\u01b0\u1edbc v\u00ec h\u00f2a b\u00ecnh c\u1ee7a gia \u0111\u00ecnh to\u00e0n c\u1ea7u v\u00e0 h\u1ea1nh ph\u00fac c\u1ee7a nh\u00e2n lo\u1ea1i.\",\"breadcrumb\":{\"@id\":\"https:\/\/familywalkathon.org\/vi\/greetings\/#breadcrumb\"},\"inLanguage\":\"vi-VN\",\"potentialAction\":[{\"@type\":\"ReadAction\",\"target\":[\"https:\/\/familywalkathon.org\/vi\/greetings\/\"]}]},{\"@type\":\"BreadcrumbList\",\"@id\":\"https:\/\/familywalkathon.org\/vi\/greetings\/#breadcrumb\",\"itemListElement\":[{\"@type\":\"ListItem\",\"position\":1,\"name\":\"Home\",\"item\":\"https:\/\/familywalkathon.org\/vi\/\"},{\"@type\":\"ListItem\",\"position\":2,\"name\":\"Gi\u1edbi thi\u1ec7u Ch\u1ee7 t\u1ecbch danh d\u1ef1 Zahng Gil Jah\"}]},{\"@type\":\"WebSite\",\"@id\":\"https:\/\/familywalkathon.org\/#website\",\"url\":\"https:\/\/familywalkathon.org\/\",\"name\":\"\u0110\u1ea1i h\u1ed9i \u0111i b\u1ed9 gia \u0111\u00ecnh y\u00eau th\u01b0\u01a1ng s\u1ef1 s\u1ed1ng m\u1edbi\",\"description\":\"\u0110\u1ea1i h\u1ed9i \u0111i b\u1ed9 gia \u0111\u00ecnh y\u00eau th\u01b0\u01a1ng s\u1ef1 s\u1ed1ng m\u1edbi, Qu\u1ef9 WeLoveU Qu\u1ed1c t\u1ebf\",\"potentialAction\":[{\"@type\":\"SearchAction\",\"target\":{\"@type\":\"EntryPoint\",\"urlTemplate\":\"https:\/\/familywalkathon.org\/?s={search_term_string}\"},\"query-input\":\"required name=search_term_string\"}],\"inLanguage\":\"vi-VN\"}]}<\/script>\n<!-- \/ Yoast SEO plugin. -->","yoast_head_json":{"title":"Gi\u1edbi thi\u1ec7u Ch\u1ee7 t\u1ecbch danh d\u1ef1 Zahng Gil Jah - \u0110\u1ea1i h\u1ed9i \u0111i b\u1ed9 gia \u0111\u00ecnh y\u00eau th\u01b0\u01a1ng s\u1ef1 s\u1ed1ng m\u1edbi","description":"\u0110\u1ea1i h\u1ed9i \u0111i b\u1ed9 gia \u0111\u00ecnh y\u00eau th\u01b0\u01a1ng s\u1ef1 s\u1ed1ng m\u1edbi \u0111\u01b0\u1ee3c b\u1eaft \u0111\u1ea7u \u0111\u1ec3 trao t\u1eb7ng hy v\u1ecdng v\u00e0 h\u1ea1nh ph\u00fac cho c\u1ea3 th\u1ebf gian, th\u1ea5m tho\u1eaft \u0111\u00e3 tr\u1ea3i qua 20 n\u0103m. H\u00e3y gi\u00fap \u0111\u1ee1 v\u00e0 y\u00eau th\u01b0\u01a1ng l\u1eabn nhau, v\u00e0 c\u00f9ng nhau ti\u1ebfn b\u01b0\u1edbc v\u00ec h\u00f2a b\u00ecnh c\u1ee7a gia \u0111\u00ecnh to\u00e0n c\u1ea7u v\u00e0 h\u1ea1nh ph\u00fac c\u1ee7a nh\u00e2n lo\u1ea1i.","robots":{"index":"index","follow":"follow","max-snippet":"max-snippet:-1","max-image-preview":"max-image-preview:large","max-video-preview":"max-video-preview:-1"},"canonical":"https:\/\/familywalkathon.org\/vi\/greetings\/","og_locale":"vi_VN","og_type":"article","og_title":"Gi\u1edbi thi\u1ec7u Ch\u1ee7 t\u1ecbch danh d\u1ef1 Zahng Gil Jah - \u0110\u1ea1i h\u1ed9i \u0111i b\u1ed9 gia \u0111\u00ecnh y\u00eau th\u01b0\u01a1ng s\u1ef1 s\u1ed1ng m\u1edbi","og_description":"\u0110\u1ea1i h\u1ed9i \u0111i b\u1ed9 gia \u0111\u00ecnh y\u00eau th\u01b0\u01a1ng s\u1ef1 s\u1ed1ng m\u1edbi \u0111\u01b0\u1ee3c b\u1eaft \u0111\u1ea7u \u0111\u1ec3 trao t\u1eb7ng hy v\u1ecdng v\u00e0 h\u1ea1nh ph\u00fac cho c\u1ea3 th\u1ebf gian, th\u1ea5m tho\u1eaft \u0111\u00e3 tr\u1ea3i qua 20 n\u0103m. H\u00e3y gi\u00fap \u0111\u1ee1 v\u00e0 y\u00eau th\u01b0\u01a1ng l\u1eabn nhau, v\u00e0 c\u00f9ng nhau ti\u1ebfn b\u01b0\u1edbc v\u00ec h\u00f2a b\u00ecnh c\u1ee7a gia \u0111\u00ecnh to\u00e0n c\u1ea7u v\u00e0 h\u1ea1nh ph\u00fac c\u1ee7a nh\u00e2n lo\u1ea1i.","og_url":"https:\/\/familywalkathon.org\/vi\/greetings\/","og_site_name":"\u0110\u1ea1i h\u1ed9i \u0111i b\u1ed9 gia \u0111\u00ecnh y\u00eau th\u01b0\u01a1ng s\u1ef1 s\u1ed1ng m\u1edbi","article_modified_time":"2024-07-04T02:24:47+00:00","og_image":[{"width":1200,"height":630,"url":"https:\/\/familywalkathon.org\/wp-content\/uploads\/2022\/02\/greetings_new_life_family_walkathon.jpg","type":"image\/jpeg"}],"twitter_card":"summary_large_image","schema":{"@context":"https:\/\/schema.org","@graph":[{"@type":"WebPage","@id":"https:\/\/familywalkathon.org\/vi\/greetings\/","url":"https:\/\/familywalkathon.org\/vi\/greetings\/","name":"Gi\u1edbi thi\u1ec7u Ch\u1ee7 t\u1ecbch danh d\u1ef1 Zahng Gil Jah - \u0110\u1ea1i h\u1ed9i \u0111i b\u1ed9 gia \u0111\u00ecnh y\u00eau th\u01b0\u01a1ng s\u1ef1 s\u1ed1ng m\u1edbi","isPartOf":{"@id":"https:\/\/familywalkathon.org\/#website"},"datePublished":"2021-11-01T06:43:36+00:00","dateModified":"2024-07-04T02:24:47+00:00","description":"\u0110\u1ea1i h\u1ed9i \u0111i b\u1ed9 gia \u0111\u00ecnh y\u00eau th\u01b0\u01a1ng s\u1ef1 s\u1ed1ng m\u1edbi \u0111\u01b0\u1ee3c b\u1eaft \u0111\u1ea7u \u0111\u1ec3 trao t\u1eb7ng hy v\u1ecdng v\u00e0 h\u1ea1nh ph\u00fac cho c\u1ea3 th\u1ebf gian, th\u1ea5m tho\u1eaft \u0111\u00e3 tr\u1ea3i qua 20 n\u0103m. H\u00e3y gi\u00fap \u0111\u1ee1 v\u00e0 y\u00eau th\u01b0\u01a1ng l\u1eabn nhau, v\u00e0 c\u00f9ng nhau ti\u1ebfn b\u01b0\u1edbc v\u00ec h\u00f2a b\u00ecnh c\u1ee7a gia \u0111\u00ecnh to\u00e0n c\u1ea7u v\u00e0 h\u1ea1nh ph\u00fac c\u1ee7a nh\u00e2n lo\u1ea1i.","breadcrumb":{"@id":"https:\/\/familywalkathon.org\/vi\/greetings\/#breadcrumb"},"inLanguage":"vi-VN","potentialAction":[{"@type":"ReadAction","target":["https:\/\/familywalkathon.org\/vi\/greetings\/"]}]},{"@type":"BreadcrumbList","@id":"https:\/\/familywalkathon.org\/vi\/greetings\/#breadcrumb","itemListElement":[{"@type":"ListItem","position":1,"name":"Home","item":"https:\/\/familywalkathon.org\/vi\/"},{"@type":"ListItem","position":2,"name":"Gi\u1edbi thi\u1ec7u Ch\u1ee7 t\u1ecbch danh d\u1ef1 Zahng Gil Jah"}]},{"@type":"WebSite","@id":"https:\/\/familywalkathon.org\/#website","url":"https:\/\/familywalkathon.org\/","name":"\u0110\u1ea1i h\u1ed9i \u0111i b\u1ed9 gia \u0111\u00ecnh y\u00eau th\u01b0\u01a1ng s\u1ef1 s\u1ed1ng m\u1edbi","description":"\u0110\u1ea1i h\u1ed9i \u0111i b\u1ed9 gia \u0111\u00ecnh y\u00eau th\u01b0\u01a1ng s\u1ef1 s\u1ed1ng m\u1edbi, Qu\u1ef9 WeLoveU Qu\u1ed1c t\u1ebf","potentialAction":[{"@type":"SearchAction","target":{"@type":"EntryPoint","urlTemplate":"https:\/\/familywalkathon.org\/?s={search_term_string}"},"query-input":"required name=search_term_string"}],"inLanguage":"vi-VN"}]}},"_links":{"self":[{"href":"https:\/\/familywalkathon.org\/vi\/wp-json\/wp\/v2\/pages\/589"}],"collection":[{"href":"https:\/\/familywalkathon.org\/vi\/wp-json\/wp\/v2\/pages"}],"about":[{"href":"https:\/\/familywalkathon.org\/vi\/wp-json\/wp\/v2\/types\/page"}],"author":[{"embeddable":true,"href":"https:\/\/familywalkathon.org\/vi\/wp-json\/wp\/v2\/users\/5"}],"replies":[{"embeddable":true,"href":"https:\/\/familywalkathon.org\/vi\/wp-json\/wp\/v2\/comments?post=589"}],"version-history":[{"count":3,"href":"https:\/\/familywalkathon.org\/vi\/wp-json\/wp\/v2\/pages\/589\/revisions"}],"predecessor-version":[{"id":1920,"href":"https:\/\/familywalkathon.org\/vi\/wp-json\/wp\/v2\/pages\/589\/revisions\/1920"}],"wp:featuredmedia":[{"embeddable":true,"href":"https:\/\/familywalkathon.org\/vi\/wp-json\/wp\/v2\/media\/1707"}],"wp:attachment":[{"href":"https:\/\/familywalkathon.org\/vi\/wp-json\/wp\/v2\/media?parent=589"}],"curies":[{"name":"wp","href":"https:\/\/api.w.org\/{rel}","templated":true}]}}