{"id":512,"date":"2021-11-01T15:43:36","date_gmt":"2021-11-01T06:43:36","guid":{"rendered":"https:\/\/familywalkathon.org\/greetings\/"},"modified":"2024-07-04T11:24:25","modified_gmt":"2024-07-04T02:24:25","slug":"greetings","status":"publish","type":"page","link":"https:\/\/familywalkathon.org\/es\/greetings\/","title":{"rendered":"Presentaci\u00f3n de la Presidenta Honoraria Zahng Gil-jah"},"content":{"rendered":"","protected":false},"excerpt":{"rendered":"","protected":false},"author":5,"featured_media":1706,"parent":0,"menu_order":0,"comment_status":"closed","ping_status":"closed","template":"","meta":{"footnotes":""},"yoast_head":"<!-- This site is optimized with the Yoast SEO plugin v21.9.1 - https:\/\/yoast.com\/wordpress\/plugins\/seo\/ -->\n<title>Presentaci\u00f3n de la Presidenta Honoraria Zahng Gil-jah - Caminata Familiar Nueva Vida<\/title>\n<meta name=\"description\" content=\"La Caminata Familiar Nueva Vida, organizada para difundir esperanza y felicidad al mundo, se ha llevado a cabo durante veinte a\u00f1os. Avancemos juntos por la paz y la felicidad de nuestra familia global ayud\u00e1ndonos y am\u00e1ndonos unos a otros.\" \/>\n<meta name=\"robots\" content=\"index, follow, max-snippet:-1, max-image-preview:large, max-video-preview:-1\" \/>\n<link rel=\"canonical\" href=\"https:\/\/familywalkathon.org\/es\/greetings\/\" \/>\n<meta property=\"og:locale\" content=\"es_ES\" \/>\n<meta property=\"og:type\" content=\"article\" \/>\n<meta property=\"og:title\" content=\"Presentaci\u00f3n de la Presidenta Honoraria Zahng Gil-jah - Caminata Familiar Nueva Vida\" \/>\n<meta property=\"og:description\" content=\"La Caminata Familiar Nueva Vida, organizada para difundir esperanza y felicidad al mundo, se ha llevado a cabo durante veinte a\u00f1os. Avancemos juntos por la paz y la felicidad de nuestra familia global ayud\u00e1ndonos y am\u00e1ndonos unos a otros.\" \/>\n<meta property=\"og:url\" content=\"https:\/\/familywalkathon.org\/es\/greetings\/\" \/>\n<meta property=\"og:site_name\" content=\"Caminata Familiar Nueva Vida\" \/>\n<meta property=\"article:modified_time\" content=\"2024-07-04T02:24:25+00:00\" \/>\n<meta property=\"og:image\" content=\"https:\/\/familywalkathon.org\/wp-content\/uploads\/2022\/02\/greetings_new_life_family_walkathon.jpg\" \/>\n\t<meta property=\"og:image:width\" content=\"1200\" \/>\n\t<meta property=\"og:image:height\" content=\"630\" \/>\n\t<meta property=\"og:image:type\" content=\"image\/jpeg\" \/>\n<meta name=\"twitter:card\" content=\"summary_large_image\" \/>\n<script type=\"application\/ld+json\" class=\"yoast-schema-graph\">{\"@context\":\"https:\/\/schema.org\",\"@graph\":[{\"@type\":\"WebPage\",\"@id\":\"https:\/\/familywalkathon.org\/es\/greetings\/\",\"url\":\"https:\/\/familywalkathon.org\/es\/greetings\/\",\"name\":\"Presentaci\u00f3n de la Presidenta Honoraria Zahng Gil-jah - Caminata Familiar Nueva Vida\",\"isPartOf\":{\"@id\":\"https:\/\/familywalkathon.org\/#website\"},\"datePublished\":\"2021-11-01T06:43:36+00:00\",\"dateModified\":\"2024-07-04T02:24:25+00:00\",\"description\":\"La Caminata Familiar Nueva Vida, organizada para difundir esperanza y felicidad al mundo, se ha llevado a cabo durante veinte a\u00f1os. Avancemos juntos por la paz y la felicidad de nuestra familia global ayud\u00e1ndonos y am\u00e1ndonos unos a otros.\",\"breadcrumb\":{\"@id\":\"https:\/\/familywalkathon.org\/es\/greetings\/#breadcrumb\"},\"inLanguage\":\"es\",\"potentialAction\":[{\"@type\":\"ReadAction\",\"target\":[\"https:\/\/familywalkathon.org\/es\/greetings\/\"]}]},{\"@type\":\"BreadcrumbList\",\"@id\":\"https:\/\/familywalkathon.org\/es\/greetings\/#breadcrumb\",\"itemListElement\":[{\"@type\":\"ListItem\",\"position\":1,\"name\":\"Home\",\"item\":\"https:\/\/familywalkathon.org\/es\/\"},{\"@type\":\"ListItem\",\"position\":2,\"name\":\"Presentaci\u00f3n de la Presidenta Honoraria Zahng Gil-jah\"}]},{\"@type\":\"WebSite\",\"@id\":\"https:\/\/familywalkathon.org\/#website\",\"url\":\"https:\/\/familywalkathon.org\/\",\"name\":\"Caminata Familiar Nueva Vida\",\"description\":\"Caminata Familiar Nueva Vida, Fundaci\u00f3n Internacional WeLoveU\",\"potentialAction\":[{\"@type\":\"SearchAction\",\"target\":{\"@type\":\"EntryPoint\",\"urlTemplate\":\"https:\/\/familywalkathon.org\/?s={search_term_string}\"},\"query-input\":\"required name=search_term_string\"}],\"inLanguage\":\"es\"}]}<\/script>\n<!-- \/ Yoast SEO plugin. -->","yoast_head_json":{"title":"Presentaci\u00f3n de la Presidenta Honoraria Zahng Gil-jah - Caminata Familiar Nueva Vida","description":"La Caminata Familiar Nueva Vida, organizada para difundir esperanza y felicidad al mundo, se ha llevado a cabo durante veinte a\u00f1os. Avancemos juntos por la paz y la felicidad de nuestra familia global ayud\u00e1ndonos y am\u00e1ndonos unos a otros.","robots":{"index":"index","follow":"follow","max-snippet":"max-snippet:-1","max-image-preview":"max-image-preview:large","max-video-preview":"max-video-preview:-1"},"canonical":"https:\/\/familywalkathon.org\/es\/greetings\/","og_locale":"es_ES","og_type":"article","og_title":"Presentaci\u00f3n de la Presidenta Honoraria Zahng Gil-jah - Caminata Familiar Nueva Vida","og_description":"La Caminata Familiar Nueva Vida, organizada para difundir esperanza y felicidad al mundo, se ha llevado a cabo durante veinte a\u00f1os. Avancemos juntos por la paz y la felicidad de nuestra familia global ayud\u00e1ndonos y am\u00e1ndonos unos a otros.","og_url":"https:\/\/familywalkathon.org\/es\/greetings\/","og_site_name":"Caminata Familiar Nueva Vida","article_modified_time":"2024-07-04T02:24:25+00:00","og_image":[{"width":1200,"height":630,"url":"https:\/\/familywalkathon.org\/wp-content\/uploads\/2022\/02\/greetings_new_life_family_walkathon.jpg","type":"image\/jpeg"}],"twitter_card":"summary_large_image","schema":{"@context":"https:\/\/schema.org","@graph":[{"@type":"WebPage","@id":"https:\/\/familywalkathon.org\/es\/greetings\/","url":"https:\/\/familywalkathon.org\/es\/greetings\/","name":"Presentaci\u00f3n de la Presidenta Honoraria Zahng Gil-jah - Caminata Familiar Nueva Vida","isPartOf":{"@id":"https:\/\/familywalkathon.org\/#website"},"datePublished":"2021-11-01T06:43:36+00:00","dateModified":"2024-07-04T02:24:25+00:00","description":"La Caminata Familiar Nueva Vida, organizada para difundir esperanza y felicidad al mundo, se ha llevado a cabo durante veinte a\u00f1os. Avancemos juntos por la paz y la felicidad de nuestra familia global ayud\u00e1ndonos y am\u00e1ndonos unos a otros.","breadcrumb":{"@id":"https:\/\/familywalkathon.org\/es\/greetings\/#breadcrumb"},"inLanguage":"es","potentialAction":[{"@type":"ReadAction","target":["https:\/\/familywalkathon.org\/es\/greetings\/"]}]},{"@type":"BreadcrumbList","@id":"https:\/\/familywalkathon.org\/es\/greetings\/#breadcrumb","itemListElement":[{"@type":"ListItem","position":1,"name":"Home","item":"https:\/\/familywalkathon.org\/es\/"},{"@type":"ListItem","position":2,"name":"Presentaci\u00f3n de la Presidenta Honoraria Zahng Gil-jah"}]},{"@type":"WebSite","@id":"https:\/\/familywalkathon.org\/#website","url":"https:\/\/familywalkathon.org\/","name":"Caminata Familiar Nueva Vida","description":"Caminata Familiar Nueva Vida, Fundaci\u00f3n Internacional WeLoveU","potentialAction":[{"@type":"SearchAction","target":{"@type":"EntryPoint","urlTemplate":"https:\/\/familywalkathon.org\/?s={search_term_string}"},"query-input":"required name=search_term_string"}],"inLanguage":"es"}]}},"_links":{"self":[{"href":"https:\/\/familywalkathon.org\/es\/wp-json\/wp\/v2\/pages\/512"}],"collection":[{"href":"https:\/\/familywalkathon.org\/es\/wp-json\/wp\/v2\/pages"}],"about":[{"href":"https:\/\/familywalkathon.org\/es\/wp-json\/wp\/v2\/types\/page"}],"author":[{"embeddable":true,"href":"https:\/\/familywalkathon.org\/es\/wp-json\/wp\/v2\/users\/5"}],"replies":[{"embeddable":true,"href":"https:\/\/familywalkathon.org\/es\/wp-json\/wp\/v2\/comments?post=512"}],"version-history":[{"count":5,"href":"https:\/\/familywalkathon.org\/es\/wp-json\/wp\/v2\/pages\/512\/revisions"}],"predecessor-version":[{"id":1919,"href":"https:\/\/familywalkathon.org\/es\/wp-json\/wp\/v2\/pages\/512\/revisions\/1919"}],"wp:featuredmedia":[{"embeddable":true,"href":"https:\/\/familywalkathon.org\/es\/wp-json\/wp\/v2\/media\/1706"}],"wp:attachment":[{"href":"https:\/\/familywalkathon.org\/es\/wp-json\/wp\/v2\/media?parent=512"}],"curies":[{"name":"wp","href":"https:\/\/api.w.org\/{rel}","templated":true}]}}