{"id":331,"date":"2021-09-13T16:34:29","date_gmt":"2021-09-13T07:34:29","guid":{"rendered":"https:\/\/familywalkathon.org\/home\/"},"modified":"2022-02-15T14:41:44","modified_gmt":"2022-02-15T05:41:44","slug":"home","status":"publish","type":"page","link":"https:\/\/familywalkathon.org\/es\/","title":{"rendered":"Caminata Familiar Nueva Vida &#8211; Fundaci\u00f3n Internacional WeLoveU"},"content":{"rendered":"","protected":false},"excerpt":{"rendered":"","protected":false},"author":5,"featured_media":1700,"parent":0,"menu_order":0,"comment_status":"closed","ping_status":"closed","template":"","meta":{"footnotes":""},"yoast_head":"<!-- This site is optimized with the Yoast SEO plugin v21.9.1 - https:\/\/yoast.com\/wordpress\/plugins\/seo\/ -->\n<title>Caminata Familiar Nueva Vida - Fundaci\u00f3n Internacional WeLoveU<\/title>\n<meta name=\"description\" content=\"La Caminata Familiar Nueva Vida es un evento de bienestar social para ayudar al pr\u00f3jimo necesitado. Con el amor de una madre, la Fundaci\u00f3n Internacional WeLoveU crea un mundo feliz donde nadie es dejado atr\u00e1s.\" \/>\n<meta name=\"robots\" content=\"index, follow, max-snippet:-1, max-image-preview:large, max-video-preview:-1\" \/>\n<link rel=\"canonical\" href=\"https:\/\/familywalkathon.org\/es\/\" \/>\n<meta property=\"og:locale\" content=\"es_ES\" \/>\n<meta property=\"og:type\" content=\"article\" \/>\n<meta property=\"og:title\" content=\"Caminata Familiar Nueva Vida - Fundaci\u00f3n Internacional WeLoveU\" \/>\n<meta property=\"og:description\" content=\"La Caminata Familiar Nueva Vida es un evento de bienestar social para ayudar al pr\u00f3jimo necesitado. Con el amor de una madre, la Fundaci\u00f3n Internacional WeLoveU crea un mundo feliz donde nadie es dejado atr\u00e1s.\" \/>\n<meta property=\"og:url\" content=\"https:\/\/familywalkathon.org\/es\/\" \/>\n<meta property=\"og:site_name\" content=\"Caminata Familiar Nueva Vida\" \/>\n<meta property=\"article:modified_time\" content=\"2022-02-15T05:41:44+00:00\" \/>\n<meta property=\"og:image\" content=\"https:\/\/familywalkathon.org\/wp-content\/uploads\/2022\/02\/weloveu_new_life_family_walkathon.jpg\" \/>\n\t<meta property=\"og:image:width\" content=\"1200\" \/>\n\t<meta property=\"og:image:height\" content=\"630\" \/>\n\t<meta property=\"og:image:type\" content=\"image\/jpeg\" \/>\n<meta name=\"twitter:card\" content=\"summary_large_image\" \/>\n<script type=\"application\/ld+json\" class=\"yoast-schema-graph\">{\"@context\":\"https:\/\/schema.org\",\"@graph\":[{\"@type\":\"WebPage\",\"@id\":\"https:\/\/familywalkathon.org\/es\/\",\"url\":\"https:\/\/familywalkathon.org\/es\/\",\"name\":\"Caminata Familiar Nueva Vida - Fundaci\u00f3n Internacional WeLoveU\",\"isPartOf\":{\"@id\":\"https:\/\/familywalkathon.org\/#website\"},\"datePublished\":\"2021-09-13T07:34:29+00:00\",\"dateModified\":\"2022-02-15T05:41:44+00:00\",\"description\":\"La Caminata Familiar Nueva Vida es un evento de bienestar social para ayudar al pr\u00f3jimo necesitado. Con el amor de una madre, la Fundaci\u00f3n Internacional WeLoveU crea un mundo feliz donde nadie es dejado atr\u00e1s.\",\"breadcrumb\":{\"@id\":\"https:\/\/familywalkathon.org\/es\/#breadcrumb\"},\"inLanguage\":\"es\",\"potentialAction\":[{\"@type\":\"ReadAction\",\"target\":[\"https:\/\/familywalkathon.org\/es\/\"]}]},{\"@type\":\"BreadcrumbList\",\"@id\":\"https:\/\/familywalkathon.org\/es\/#breadcrumb\",\"itemListElement\":[{\"@type\":\"ListItem\",\"position\":1,\"name\":\"Home\",\"item\":\"https:\/\/familywalkathon.org\/es\/\"},{\"@type\":\"ListItem\",\"position\":2,\"name\":\"Caminata Familiar Nueva Vida &#8211; Fundaci\u00f3n Internacional WeLoveU\"}]},{\"@type\":\"WebSite\",\"@id\":\"https:\/\/familywalkathon.org\/#website\",\"url\":\"https:\/\/familywalkathon.org\/\",\"name\":\"Caminata Familiar Nueva Vida\",\"description\":\"Caminata Familiar Nueva Vida, Fundaci\u00f3n Internacional WeLoveU\",\"potentialAction\":[{\"@type\":\"SearchAction\",\"target\":{\"@type\":\"EntryPoint\",\"urlTemplate\":\"https:\/\/familywalkathon.org\/?s={search_term_string}\"},\"query-input\":\"required name=search_term_string\"}],\"inLanguage\":\"es\"}]}<\/script>\n<!-- \/ Yoast SEO plugin. -->","yoast_head_json":{"title":"Caminata Familiar Nueva Vida - Fundaci\u00f3n Internacional WeLoveU","description":"La Caminata Familiar Nueva Vida es un evento de bienestar social para ayudar al pr\u00f3jimo necesitado. Con el amor de una madre, la Fundaci\u00f3n Internacional WeLoveU crea un mundo feliz donde nadie es dejado atr\u00e1s.","robots":{"index":"index","follow":"follow","max-snippet":"max-snippet:-1","max-image-preview":"max-image-preview:large","max-video-preview":"max-video-preview:-1"},"canonical":"https:\/\/familywalkathon.org\/es\/","og_locale":"es_ES","og_type":"article","og_title":"Caminata Familiar Nueva Vida - Fundaci\u00f3n Internacional WeLoveU","og_description":"La Caminata Familiar Nueva Vida es un evento de bienestar social para ayudar al pr\u00f3jimo necesitado. Con el amor de una madre, la Fundaci\u00f3n Internacional WeLoveU crea un mundo feliz donde nadie es dejado atr\u00e1s.","og_url":"https:\/\/familywalkathon.org\/es\/","og_site_name":"Caminata Familiar Nueva Vida","article_modified_time":"2022-02-15T05:41:44+00:00","og_image":[{"width":1200,"height":630,"url":"https:\/\/familywalkathon.org\/wp-content\/uploads\/2022\/02\/weloveu_new_life_family_walkathon.jpg","type":"image\/jpeg"}],"twitter_card":"summary_large_image","schema":{"@context":"https:\/\/schema.org","@graph":[{"@type":"WebPage","@id":"https:\/\/familywalkathon.org\/es\/","url":"https:\/\/familywalkathon.org\/es\/","name":"Caminata Familiar Nueva Vida - Fundaci\u00f3n Internacional WeLoveU","isPartOf":{"@id":"https:\/\/familywalkathon.org\/#website"},"datePublished":"2021-09-13T07:34:29+00:00","dateModified":"2022-02-15T05:41:44+00:00","description":"La Caminata Familiar Nueva Vida es un evento de bienestar social para ayudar al pr\u00f3jimo necesitado. Con el amor de una madre, la Fundaci\u00f3n Internacional WeLoveU crea un mundo feliz donde nadie es dejado atr\u00e1s.","breadcrumb":{"@id":"https:\/\/familywalkathon.org\/es\/#breadcrumb"},"inLanguage":"es","potentialAction":[{"@type":"ReadAction","target":["https:\/\/familywalkathon.org\/es\/"]}]},{"@type":"BreadcrumbList","@id":"https:\/\/familywalkathon.org\/es\/#breadcrumb","itemListElement":[{"@type":"ListItem","position":1,"name":"Home","item":"https:\/\/familywalkathon.org\/es\/"},{"@type":"ListItem","position":2,"name":"Caminata Familiar Nueva Vida &#8211; Fundaci\u00f3n Internacional WeLoveU"}]},{"@type":"WebSite","@id":"https:\/\/familywalkathon.org\/#website","url":"https:\/\/familywalkathon.org\/","name":"Caminata Familiar Nueva Vida","description":"Caminata Familiar Nueva Vida, Fundaci\u00f3n Internacional WeLoveU","potentialAction":[{"@type":"SearchAction","target":{"@type":"EntryPoint","urlTemplate":"https:\/\/familywalkathon.org\/?s={search_term_string}"},"query-input":"required name=search_term_string"}],"inLanguage":"es"}]}},"_links":{"self":[{"href":"https:\/\/familywalkathon.org\/es\/wp-json\/wp\/v2\/pages\/331"}],"collection":[{"href":"https:\/\/familywalkathon.org\/es\/wp-json\/wp\/v2\/pages"}],"about":[{"href":"https:\/\/familywalkathon.org\/es\/wp-json\/wp\/v2\/types\/page"}],"author":[{"embeddable":true,"href":"https:\/\/familywalkathon.org\/es\/wp-json\/wp\/v2\/users\/5"}],"replies":[{"embeddable":true,"href":"https:\/\/familywalkathon.org\/es\/wp-json\/wp\/v2\/comments?post=331"}],"version-history":[{"count":2,"href":"https:\/\/familywalkathon.org\/es\/wp-json\/wp\/v2\/pages\/331\/revisions"}],"predecessor-version":[{"id":1544,"href":"https:\/\/familywalkathon.org\/es\/wp-json\/wp\/v2\/pages\/331\/revisions\/1544"}],"wp:featuredmedia":[{"embeddable":true,"href":"https:\/\/familywalkathon.org\/es\/wp-json\/wp\/v2\/media\/1700"}],"wp:attachment":[{"href":"https:\/\/familywalkathon.org\/es\/wp-json\/wp\/v2\/media?parent=331"}],"curies":[{"name":"wp","href":"https:\/\/api.w.org\/{rel}","templated":true}]}}